{"id":34,"date":"2020-08-13T15:57:10","date_gmt":"2020-08-13T13:57:10","guid":{"rendered":"http:\/\/new.btecno.it\/?page_id=34"},"modified":"2023-05-30T12:46:43","modified_gmt":"2023-05-30T10:46:43","slug":"sicurezza-informatica","status":"publish","type":"page","link":"https:\/\/www.btecno.it\/hr\/sicurezza-informatica\/","title":{"rendered":"Sicurezza informatica"},"content":{"rendered":"\n<p>Il concetto di sicurezza informatica va affrontato in modo ampio, andando oltre l\u2019approccio tecnologico.<br>Si parla spesso di attacchi informatici ma sembrano sempre lontani dalla nostra realt\u00e0.<br>Non tutte le aziende sono in grado di orientarsi da sole nel complesso e strutturato mondo della sicurezza informatica.<br><br>Oggi, grazie alla certificazione internazionale, CPEH (Certified Professional Ethical Hacker) BTecno riesce a garantire la qualit\u00e0 dei test e l&#8217;affidabilit\u00e0 dei livelli di protezione.<br><br>Analizzando il sistema informatico aziendale, BTecno riesce ad identificare ogni area vulnerabile della rete informatica, elabora un report che evidenzia i punti deboli, definisce un piano d\u2019intervento e trova le soluzioni per evitare eventuali attacchi.<br><br>BTecno \u00e8 la prima societ\u00e0 certificata nella provincia di Bergamo e ci\u00f2 conferma la nostra volont\u00e0 di offrire ai nostri clienti sempre un&#8217;attenzione ed un servizio di qualit\u00e0&#8221;.<br>Oggi non basta pi\u00f9 assistere tempestivamente il cliente, \u00e8 diventato fondamentale garantire un servizio certificato e di valore. \u00a0<br><br>Sappiamo quanto i tuoi Dati siano una risorsa fondamentale, e che la loro sicurezza sta ai primi posti nella scala delle priorit\u00e0.<br>Con la linea Sicurezza Informatica ti aiutiamo a garantire la disponibilit\u00e0, confidenzialit\u00e0 e integrit\u00e0 dei tuoi Sistemi Informatici e dei tuoi Dati sempre e in qualsiasi condizione, clicca sulle diverse soluzioni per scoprirne tutti i dettagli.<\/p>\n\n\n\n<p class=\"has-vivid-green-cyan-color has-text-color\"><a href=\"https:\/\/cybersecurity.btecno.it\" target=\"_blank\" rel=\"noreferrer noopener\">Compila il form gratuito<\/a><\/p>\n\n\n\n<figure class=\"wp-block-image size-full\"><img loading=\"lazy\" decoding=\"async\" width=\"277\" height=\"73\" src=\"https:\/\/www.btecno.it\/wp-content\/uploads\/2022\/04\/kzFTgXMO2uf3EgTe.png\" alt=\"\" class=\"wp-image-80264\"\/><\/figure>\n\n\n\n<p><\/p>\n","protected":false},"excerpt":{"rendered":"<p>Il concetto di sicurezza informatica va affrontato in modo ampio, andando oltre l\u2019approccio tecnologico.Si parla spesso di attacchi informatici ma sembrano sempre lontani dalla nostra realt\u00e0.Non tutte le aziende sono in grado di orientarsi da sole nel complesso e strutturato mondo della sicurezza informatica. Oggi, grazie alla certificazione internazionale, CPEH (Certified Professional Ethical Hacker) BTecno [&hellip;]<\/p>\n","protected":false},"author":1,"featured_media":0,"parent":0,"menu_order":0,"comment_status":"closed","ping_status":"closed","template":"linee-stazione.php","meta":{"footnotes":""},"class_list":["post-34","page","type-page","status-publish","hentry"],"acf":[],"_links":{"self":[{"href":"https:\/\/www.btecno.it\/hr\/wp-json\/wp\/v2\/pages\/34","targetHints":{"allow":["GET"]}}],"collection":[{"href":"https:\/\/www.btecno.it\/hr\/wp-json\/wp\/v2\/pages"}],"about":[{"href":"https:\/\/www.btecno.it\/hr\/wp-json\/wp\/v2\/types\/page"}],"author":[{"embeddable":true,"href":"https:\/\/www.btecno.it\/hr\/wp-json\/wp\/v2\/users\/1"}],"replies":[{"embeddable":true,"href":"https:\/\/www.btecno.it\/hr\/wp-json\/wp\/v2\/comments?post=34"}],"version-history":[{"count":13,"href":"https:\/\/www.btecno.it\/hr\/wp-json\/wp\/v2\/pages\/34\/revisions"}],"predecessor-version":[{"id":252893,"href":"https:\/\/www.btecno.it\/hr\/wp-json\/wp\/v2\/pages\/34\/revisions\/252893"}],"wp:attachment":[{"href":"https:\/\/www.btecno.it\/hr\/wp-json\/wp\/v2\/media?parent=34"}],"curies":[{"name":"wp","href":"https:\/\/api.w.org\/{rel}","templated":true}]}}